{"id":3098,"date":"2023-07-10T06:49:38","date_gmt":"2023-07-10T11:49:38","guid":{"rendered":"https:\/\/mobiprocure.com\/?page_id=3098"},"modified":"2023-08-09T09:32:18","modified_gmt":"2023-08-09T14:32:18","slug":"hygiene","status":"publish","type":"page","link":"https:\/\/mobiprocure.com\/es\/categories\/hygiene\/","title":{"rendered":"<p>Higiene<\/p>"},"content":{"rendered":"<div data-elementor-type=\"wp-page\" data-elementor-id=\"3098\" class=\"elementor elementor-3098\">\n\t\t\t\t\t\t<section class=\"elementor-section elementor-top-section elementor-element elementor-element-183712aa elementor-section-height-min-height htmega_mobile_fit elementor-section-boxed elementor-section-height-default elementor-section-items-middle\" data-id=\"183712aa\" data-element_type=\"section\" data-e-type=\"section\" data-settings='{\"background_background\":\"classic\"}'>\n\t\t\t\t\t\t\t<div class=\"elementor-background-overlay\"><\/div>\n\t\t\t\t\t\t\t<div class=\"elementor-container elementor-column-gap-default\">\n\t\t\t\t\t<div class=\"elementor-column elementor-col-100 elementor-top-column elementor-element elementor-element-6a54573a\" data-id=\"6a54573a\" data-element_type=\"column\" data-e-type=\"column\">\n\t\t\t<div class=\"elementor-widget-wrap elementor-element-populated\">\n\t\t\t\t\t\t<section class=\"elementor-section elementor-inner-section elementor-element elementor-element-1bf9d604 elementor-section-full_width elementor-section-height-default elementor-section-height-default\" data-id=\"1bf9d604\" data-element_type=\"section\" data-e-type=\"section\">\n\t\t\t\t\t\t<div class=\"elementor-container elementor-column-gap-default\">\n\t\t\t\t\t<div class=\"elementor-column elementor-col-100 elementor-inner-column elementor-element elementor-element-497a5793\" data-id=\"497a5793\" data-element_type=\"column\" data-e-type=\"column\">\n\t\t\t<div class=\"elementor-widget-wrap elementor-element-populated\">\n\t\t\t\t\t\t<div class=\"elementor-element elementor-element-795dfcf0 elementor-invisible elementor-widget elementor-widget-heading\" data-id=\"795dfcf0\" data-element_type=\"widget\" data-e-type=\"widget\" data-settings='{\"_animation\":\"fadeInUp\",\"_animation_delay\":100}' data-widget_type=\"heading.default\">\n\t\t\t\t<div class=\"elementor-widget-container\">\n\t\t\t\t\t<h2 class=\"elementor-heading-title elementor-size-default\">Soluciones inteligentes de limpieza e higiene<\/h2>\t\t\t\t<\/div>\n\t\t\t\t<\/div>\n\t\t\t\t<div class=\"elementor-element elementor-element-49012fc5 elementor-invisible elementor-widget elementor-widget-heading\" data-id=\"49012fc5\" data-element_type=\"widget\" data-e-type=\"widget\" data-settings='{\"_animation\":\"fadeInUp\",\"_animation_delay\":300}' data-widget_type=\"heading.default\">\n\t\t\t\t<div class=\"elementor-widget-container\">\n\t\t\t\t\t<p class=\"elementor-heading-title elementor-size-default\">El mercado actual exige soluciones inteligentes de limpieza e higiene. Exactamente el tipo de soluciones avanzadas que los clientes reconocen en cada una de nuestras marcas.<\/p>\t\t\t\t<\/div>\n\t\t\t\t<\/div>\n\t\t\t\t\t<\/div>\n\t\t<\/div>\n\t\t\t\t\t<\/div>\n\t\t<\/section>\n\t\t\t\t\t<\/div>\n\t\t<\/div>\n\t\t\t\t\t<\/div>\n\t\t<\/section>\n\t\t\t\t<section class=\"elementor-section elementor-top-section elementor-element elementor-element-74e11ab elementor-section-boxed elementor-section-height-default elementor-section-height-default\" data-id=\"74e11ab\" data-element_type=\"section\" data-e-type=\"section\">\n\t\t\t\t\t\t<div class=\"elementor-container elementor-column-gap-default\">\n\t\t\t\t\t<div class=\"elementor-column elementor-col-100 elementor-top-column elementor-element elementor-element-e1d58f5\" data-id=\"e1d58f5\" data-element_type=\"column\" data-e-type=\"column\">\n\t\t\t<div class=\"elementor-widget-wrap elementor-element-populated\">\n\t\t\t\t\t\t<div class=\"elementor-element elementor-element-35b43b9 elementor-button-success elementor-align-center elementor-widget elementor-widget-button\" data-id=\"35b43b9\" data-element_type=\"widget\" data-e-type=\"widget\" data-widget_type=\"button.default\">\n\t\t\t\t<div class=\"elementor-widget-container\">\n\t\t\t\t\t\t\t\t\t<div class=\"elementor-button-wrapper\">\n\t\t\t\t\t<a class=\"elementor-button elementor-button-link elementor-size-sm\" href=\"https:\/\/mobiprocure.com\/wp-content\/uploads\/2023\/08\/Wiping-solutions-MOBI.pdf\" rel=\"nofollow\">\n\t\t\t\t\t\t<span class=\"elementor-button-content-wrapper\">\n\t\t\t\t\t\t<span class=\"elementor-button-icon\">\n\t\t\t\t<i aria-hidden=\"true\" class=\"far fa-file-pdf\"><\/i>\t\t\t<\/span>\n\t\t\t\t\t\t\t\t\t<span class=\"elementor-button-text\">Download Hygiene Broshure<\/span>\n\t\t\t\t\t<\/span>\n\t\t\t\t\t<\/a>\n\t\t\t\t<\/div>\n\t\t\t\t\t\t\t\t<\/div>\n\t\t\t\t<\/div>\n\t\t\t\t\t<\/div>\n\t\t<\/div>\n\t\t\t\t\t<\/div>\n\t\t<\/section>\n\t\t\t\t<section class=\"elementor-section elementor-top-section elementor-element elementor-element-1260b9bf elementor-section-boxed elementor-section-height-default elementor-section-height-default\" data-id=\"1260b9bf\" data-element_type=\"section\" data-e-type=\"section\" data-settings='{\"background_background\":\"classic\"}'>\n\t\t\t\t\t\t<div class=\"elementor-container elementor-column-gap-no\">\n\t\t\t\t\t<div class=\"elementor-column elementor-col-100 elementor-top-column elementor-element elementor-element-3f311be5\" data-id=\"3f311be5\" data-element_type=\"column\" data-e-type=\"column\">\n\t\t\t<div class=\"elementor-widget-wrap elementor-element-populated\">\n\t\t\t\t\t\t<section class=\"elementor-section elementor-inner-section elementor-element elementor-element-4c471b4c elementor-section-full_width elementor-section-height-default elementor-section-height-default\" data-id=\"4c471b4c\" data-element_type=\"section\" data-e-type=\"section\">\n\t\t\t\t\t\t<div class=\"elementor-container elementor-column-gap-default\">\n\t\t\t\t\t<div class=\"elementor-column elementor-col-33 elementor-inner-column elementor-element elementor-element-4376eb86\" data-id=\"4376eb86\" data-element_type=\"column\" data-e-type=\"column\">\n\t\t\t<div class=\"elementor-widget-wrap elementor-element-populated\">\n\t\t\t\t\t\t<div class=\"elementor-element elementor-element-7260bec8 elementor-widget elementor-widget-htmega-service-addons\" data-id=\"7260bec8\" data-element_type=\"widget\" data-e-type=\"widget\" data-widget_type=\"htmega-service-addons.default\">\n\t\t\t\t<div class=\"elementor-widget-container\">\n\t\t\t\t\t            <div class=\"htmega-service htmega-service-style-2\">\r\n                <div class=\"thumb\"><img fetchpriority=\"high\" decoding=\"async\" width=\"768\" height=\"394\" src=\"https:\/\/mobiprocure.com\/wp-content\/uploads\/2023\/07\/Towels-768x394.png\" class=\"attachment-medium_large size-medium_large wp-image-3230\" alt=\"\" srcset=\"https:\/\/mobiprocure.com\/wp-content\/uploads\/2023\/07\/Towels-768x394.png 768w, https:\/\/mobiprocure.com\/wp-content\/uploads\/2023\/07\/Towels-300x154.png 300w, https:\/\/mobiprocure.com\/wp-content\/uploads\/2023\/07\/Towels-1024x525.png 1024w, https:\/\/mobiprocure.com\/wp-content\/uploads\/2023\/07\/Towels-18x9.png 18w, https:\/\/mobiprocure.com\/wp-content\/uploads\/2023\/07\/Towels.png 1108w\" sizes=\"(max-width: 768px) 100vw, 768px\"><\/div>                <div class=\"content\">\r\n                    <h4 class=\"service-title\">Toallas y pa\u00f1os de limpieza para servicios de Restaurantes<\/h4><p>o Una l\u00ednea de calidad de toallas de limpieza. \no Nuestras toallas de colores y cajas est\u00e1n dise\u00f1adas para evitar la contaminaci\u00f3n cruzada.\no La fuerza superior y la absorci\u00f3n hacen que las toallas para servicio de alimentos Chef\u00b4s Select sean una excelente adici\u00f3n a su l\u00ednea de pa\u00f1os y toallas.<\/p>                <\/div>\r\n            <\/div>\r\n\r\n        \t\t\t\t<\/div>\n\t\t\t\t<\/div>\n\t\t\t\t\t<\/div>\n\t\t<\/div>\n\t\t\t\t<div class=\"elementor-column elementor-col-33 elementor-inner-column elementor-element elementor-element-4673c6a4\" data-id=\"4673c6a4\" data-element_type=\"column\" data-e-type=\"column\">\n\t\t\t<div class=\"elementor-widget-wrap elementor-element-populated\">\n\t\t\t\t\t\t<div class=\"elementor-element elementor-element-2cb2fadc elementor-widget elementor-widget-htmega-service-addons\" data-id=\"2cb2fadc\" data-element_type=\"widget\" data-e-type=\"widget\" data-widget_type=\"htmega-service-addons.default\">\n\t\t\t\t<div class=\"elementor-widget-container\">\n\t\t\t\t\t            <div class=\"htmega-service htmega-service-style-2\">\r\n                <div class=\"thumb\"><img decoding=\"async\" width=\"768\" height=\"622\" src=\"https:\/\/mobiprocure.com\/wp-content\/uploads\/2023\/07\/TowelingTissue-768x622.png\" class=\"attachment-medium_large size-medium_large wp-image-3231\" alt=\"Toweling Tissue\" srcset=\"https:\/\/mobiprocure.com\/wp-content\/uploads\/2023\/07\/TowelingTissue-768x622.png 768w, https:\/\/mobiprocure.com\/wp-content\/uploads\/2023\/07\/TowelingTissue-300x243.png 300w, https:\/\/mobiprocure.com\/wp-content\/uploads\/2023\/07\/TowelingTissue-1024x829.png 1024w, https:\/\/mobiprocure.com\/wp-content\/uploads\/2023\/07\/TowelingTissue-15x12.png 15w, https:\/\/mobiprocure.com\/wp-content\/uploads\/2023\/07\/TowelingTissue.png 1150w\" sizes=\"(max-width: 768px) 100vw, 768px\"><\/div>                <div class=\"content\">\r\n                    <h4 class=\"service-title\">Toallas y pa\u00f1os de limpieza<\/h4><p>Eden Soft ofrece el paquete complete en toallas y pa\u00f1uelos que hacen que los clientes regresen por m\u00e1s. Se ofrece una variedad de pesos y tama\u00f1os.\nEden Soft papel de ba\u00f1o, las toallas en rollos brindan absorci\u00f3n superior y fuerza con cada tir\u00f3n.<\/p>                <\/div>\r\n            <\/div>\r\n\r\n        \t\t\t\t<\/div>\n\t\t\t\t<\/div>\n\t\t\t\t\t<\/div>\n\t\t<\/div>\n\t\t\t\t<div class=\"elementor-column elementor-col-33 elementor-inner-column elementor-element elementor-element-22f80c5e\" data-id=\"22f80c5e\" data-element_type=\"column\" data-e-type=\"column\">\n\t\t\t<div class=\"elementor-widget-wrap elementor-element-populated\">\n\t\t\t\t\t\t<div class=\"elementor-element elementor-element-7f3338eb elementor-widget elementor-widget-htmega-service-addons\" data-id=\"7f3338eb\" data-element_type=\"widget\" data-e-type=\"widget\" data-widget_type=\"htmega-service-addons.default\">\n\t\t\t\t<div class=\"elementor-widget-container\">\n\t\t\t\t\t            <div class=\"htmega-service htmega-service-style-2\">\r\n                <div class=\"thumb\"><img decoding=\"async\" width=\"768\" height=\"429\" src=\"https:\/\/mobiprocure.com\/wp-content\/uploads\/2023\/07\/Human-Care-768x429.png\" class=\"attachment-medium_large size-medium_large wp-image-3233\" alt=\"Human Care\" srcset=\"https:\/\/mobiprocure.com\/wp-content\/uploads\/2023\/07\/Human-Care-768x429.png 768w, https:\/\/mobiprocure.com\/wp-content\/uploads\/2023\/07\/Human-Care-300x168.png 300w, https:\/\/mobiprocure.com\/wp-content\/uploads\/2023\/07\/Human-Care-1024x572.png 1024w, https:\/\/mobiprocure.com\/wp-content\/uploads\/2023\/07\/Human-Care-18x10.png 18w, https:\/\/mobiprocure.com\/wp-content\/uploads\/2023\/07\/Human-Care.png 1129w\" sizes=\"(max-width: 768px) 100vw, 768px\"><\/div>                <div class=\"content\">\r\n                    <h4 class=\"service-title\">Cuidado Humano<\/h4><p>Como l\u00edder en el mercado de toallas desechables ofrecemos la lpinea m\u00e1s grande de toallas secas desechables fabricadas con los mejores materiales.<\/p>                <\/div>\r\n            <\/div>\r\n\r\n        \t\t\t\t<\/div>\n\t\t\t\t<\/div>\n\t\t\t\t\t<\/div>\n\t\t<\/div>\n\t\t\t\t\t<\/div>\n\t\t<\/section>\n\t\t\t\t<section class=\"elementor-section elementor-inner-section elementor-element elementor-element-a8c30fd elementor-section-full_width elementor-section-height-default elementor-section-height-default\" data-id=\"a8c30fd\" data-element_type=\"section\" data-e-type=\"section\">\n\t\t\t\t\t\t<div class=\"elementor-container elementor-column-gap-default\">\n\t\t\t\t\t<div class=\"elementor-column elementor-col-33 elementor-inner-column elementor-element elementor-element-f1e5b81\" data-id=\"f1e5b81\" data-element_type=\"column\" data-e-type=\"column\">\n\t\t\t<div class=\"elementor-widget-wrap elementor-element-populated\">\n\t\t\t\t\t\t<div class=\"elementor-element elementor-element-9e5faa0 elementor-widget elementor-widget-htmega-service-addons\" data-id=\"9e5faa0\" data-element_type=\"widget\" data-e-type=\"widget\" data-widget_type=\"htmega-service-addons.default\">\n\t\t\t\t<div class=\"elementor-widget-container\">\n\t\t\t\t\t            <div class=\"htmega-service htmega-service-style-2\">\r\n                <div class=\"thumb\"><img loading=\"lazy\" decoding=\"async\" width=\"1084\" height=\"640\" src=\"https:\/\/mobiprocure.com\/wp-content\/uploads\/2023\/07\/Tech-wipe.png\" class=\"attachment-full size-full wp-image-3234\" alt=\"\" srcset=\"https:\/\/mobiprocure.com\/wp-content\/uploads\/2023\/07\/Tech-wipe.png 1084w, https:\/\/mobiprocure.com\/wp-content\/uploads\/2023\/07\/Tech-wipe-300x177.png 300w, https:\/\/mobiprocure.com\/wp-content\/uploads\/2023\/07\/Tech-wipe-1024x605.png 1024w, https:\/\/mobiprocure.com\/wp-content\/uploads\/2023\/07\/Tech-wipe-768x453.png 768w, https:\/\/mobiprocure.com\/wp-content\/uploads\/2023\/07\/Tech-wipe-18x12.png 18w\" sizes=\"(max-width: 1084px) 100vw, 1084px\"><\/div>                <div class=\"content\">\r\n                    <h4 class=\"service-title\">Limpieza T\u00e9cnica<\/h4><p>Tech Wipe son pa\u00f1os especiales para productos t\u00e9cnicos, utilizados en vidrios \u00f3pticos y lentes. Destinado a la limpieza ligera de superficies de vidrio sensibles. Tambi\u00e9n altamente recomendado para la limpieza de art\u00edculos electr\u00f3nicos como computadoras, pantallas, tabletas y m\u00e1s.<\/p>                <\/div>\r\n            <\/div>\r\n\r\n        \t\t\t\t<\/div>\n\t\t\t\t<\/div>\n\t\t\t\t\t<\/div>\n\t\t<\/div>\n\t\t\t\t<div class=\"elementor-column elementor-col-33 elementor-inner-column elementor-element elementor-element-7389f71\" data-id=\"7389f71\" data-element_type=\"column\" data-e-type=\"column\">\n\t\t\t<div class=\"elementor-widget-wrap elementor-element-populated\">\n\t\t\t\t\t\t<div class=\"elementor-element elementor-element-d35a5c6 elementor-widget elementor-widget-htmega-service-addons\" data-id=\"d35a5c6\" data-element_type=\"widget\" data-e-type=\"widget\" data-widget_type=\"htmega-service-addons.default\">\n\t\t\t\t<div class=\"elementor-widget-container\">\n\t\t\t\t\t            <div class=\"htmega-service htmega-service-style-2\">\r\n                <div class=\"thumb\"><img loading=\"lazy\" decoding=\"async\" width=\"1102\" height=\"772\" src=\"https:\/\/mobiprocure.com\/wp-content\/uploads\/2023\/07\/Fitness-Wipe.png\" class=\"attachment-full size-full wp-image-3235\" alt=\"\" srcset=\"https:\/\/mobiprocure.com\/wp-content\/uploads\/2023\/07\/Fitness-Wipe.png 1102w, https:\/\/mobiprocure.com\/wp-content\/uploads\/2023\/07\/Fitness-Wipe-300x210.png 300w, https:\/\/mobiprocure.com\/wp-content\/uploads\/2023\/07\/Fitness-Wipe-1024x717.png 1024w, https:\/\/mobiprocure.com\/wp-content\/uploads\/2023\/07\/Fitness-Wipe-768x538.png 768w, https:\/\/mobiprocure.com\/wp-content\/uploads\/2023\/07\/Fitness-Wipe-18x12.png 18w\" sizes=\"(max-width: 1102px) 100vw, 1102px\"><\/div>                <div class=\"content\">\r\n                    <h4 class=\"service-title\">Limpieza para Gimnasios<\/h4><p>Un sistema de pa\u00f1os desechables prehumedecidos especialmente formulado para limpiar y desodorizar equipos de gimnasios.\nHecho de un tejido de celulosa biodegradable, infundido con una formula a base de cuaternario de dosis ligera, que no contiene productos qu\u00edmicos agresivos que da\u00f1en la superficie.\nSon ideales para eliminar el sudor y la suciedad de las superficies que se limpian habitualmente en todas las m\u00e1quinas y art\u00edculos de los gimnasios.<\/p>                <\/div>\r\n            <\/div>\r\n\r\n        \t\t\t\t<\/div>\n\t\t\t\t<\/div>\n\t\t\t\t\t<\/div>\n\t\t<\/div>\n\t\t\t\t<div class=\"elementor-column elementor-col-33 elementor-inner-column elementor-element elementor-element-f3d264f\" data-id=\"f3d264f\" data-element_type=\"column\" data-e-type=\"column\">\n\t\t\t<div class=\"elementor-widget-wrap elementor-element-populated\">\n\t\t\t\t\t\t<div class=\"elementor-element elementor-element-6171213 elementor-widget elementor-widget-htmega-service-addons\" data-id=\"6171213\" data-element_type=\"widget\" data-e-type=\"widget\" data-widget_type=\"htmega-service-addons.default\">\n\t\t\t\t<div class=\"elementor-widget-container\">\n\t\t\t\t\t            <div class=\"htmega-service htmega-service-style-2\">\r\n                <div class=\"thumb\"><img loading=\"lazy\" decoding=\"async\" width=\"1135\" height=\"727\" src=\"https:\/\/mobiprocure.com\/wp-content\/uploads\/2023\/07\/Chem-Wipe.png\" class=\"attachment-full size-full wp-image-3236\" alt=\"\" srcset=\"https:\/\/mobiprocure.com\/wp-content\/uploads\/2023\/07\/Chem-Wipe.png 1135w, https:\/\/mobiprocure.com\/wp-content\/uploads\/2023\/07\/Chem-Wipe-300x192.png 300w, https:\/\/mobiprocure.com\/wp-content\/uploads\/2023\/07\/Chem-Wipe-1024x656.png 1024w, https:\/\/mobiprocure.com\/wp-content\/uploads\/2023\/07\/Chem-Wipe-768x492.png 768w, https:\/\/mobiprocure.com\/wp-content\/uploads\/2023\/07\/Chem-Wipe-18x12.png 18w\" sizes=\"(max-width: 1135px) 100vw, 1135px\"><\/div>                <div class=\"content\">\r\n                    <h4 class=\"service-title\">Limpieza de Qu\u00edmicos<\/h4><p>Un sistema de limpieza de toallas desechables en cubetas que permite a los usuarios finales agregar su propio product qu\u00edmico para crear una toalla desechable prehumedecida personalizada.\nLos materiales de CHEMWIPE tienen una excelente resistencia y absorci\u00f3n con pocas pelusas, lo que proporciona una material ideal para tareas de limpieza, desengrasado y preparaci\u00f3n de superficies.<\/p>                <\/div>\r\n            <\/div>\r\n\r\n        \t\t\t\t<\/div>\n\t\t\t\t<\/div>\n\t\t\t\t\t<\/div>\n\t\t<\/div>\n\t\t\t\t\t<\/div>\n\t\t<\/section>\n\t\t\t\t\t<\/div>\n\t\t<\/div>\n\t\t\t\t\t<\/div>\n\t\t<\/section>\n\t\t\t\t<section class=\"elementor-section elementor-top-section elementor-element elementor-element-133f58c1 elementor-section-content-middle elementor-section-boxed elementor-section-height-default elementor-section-height-default\" data-id=\"133f58c1\" data-element_type=\"section\" data-e-type=\"section\" data-settings='{\"background_background\":\"classic\"}'>\n\t\t\t\t\t\t\t<div class=\"elementor-background-overlay\"><\/div>\n\t\t\t\t\t\t\t<div class=\"elementor-container elementor-column-gap-no\">\n\t\t\t\t\t<div class=\"elementor-column elementor-col-50 elementor-top-column elementor-element elementor-element-13bbc34\" data-id=\"13bbc34\" data-element_type=\"column\" data-e-type=\"column\">\n\t\t\t<div class=\"elementor-widget-wrap elementor-element-populated\">\n\t\t\t\t\t\t<div class=\"elementor-element elementor-element-36a99086 elementor-widget elementor-widget-image\" data-id=\"36a99086\" data-element_type=\"widget\" data-e-type=\"widget\" data-widget_type=\"image.default\">\n\t\t\t\t<div class=\"elementor-widget-container\">\n\t\t\t\t\t\t\t\t\t\t\t\t\t\t\t<img loading=\"lazy\" decoding=\"async\" width=\"768\" height=\"477\" src=\"https:\/\/mobiprocure.com\/wp-content\/uploads\/2023\/07\/paper-768x477.png\" class=\"attachment-medium_large size-medium_large wp-image-3297\" alt=\"Hygiene\" srcset=\"https:\/\/mobiprocure.com\/wp-content\/uploads\/2023\/07\/paper-768x477.png 768w, https:\/\/mobiprocure.com\/wp-content\/uploads\/2023\/07\/paper-300x186.png 300w, https:\/\/mobiprocure.com\/wp-content\/uploads\/2023\/07\/paper-1024x636.png 1024w, https:\/\/mobiprocure.com\/wp-content\/uploads\/2023\/07\/paper-1536x953.png 1536w, https:\/\/mobiprocure.com\/wp-content\/uploads\/2023\/07\/paper-18x12.png 18w, https:\/\/mobiprocure.com\/wp-content\/uploads\/2023\/07\/paper.png 1703w\" sizes=\"(max-width: 768px) 100vw, 768px\">\t\t\t\t\t\t\t\t\t\t\t\t\t\t\t<\/div>\n\t\t\t\t<\/div>\n\t\t\t\t\t<\/div>\n\t\t<\/div>\n\t\t\t\t<div class=\"elementor-column elementor-col-50 elementor-top-column elementor-element elementor-element-1ee10a6\" data-id=\"1ee10a6\" data-element_type=\"column\" data-e-type=\"column\" data-settings='{\"background_background\":\"slideshow\",\"background_slideshow_gallery\":[],\"background_slideshow_slide_duration\":5000,\"background_slideshow_slide_transition\":\"fade\",\"background_slideshow_transition_duration\":500}'>\n\t\t\t<div class=\"elementor-widget-wrap elementor-element-populated\">\n\t\t\t\t\t<div class=\"elementor-background-overlay\"><\/div>\n\t\t\t\t\t\t<div class=\"elementor-element elementor-element-5e73c27b elementor-widget elementor-widget-heading\" data-id=\"5e73c27b\" data-element_type=\"widget\" data-e-type=\"widget\" data-widget_type=\"heading.default\">\n\t\t\t\t<div class=\"elementor-widget-container\">\n\t\t\t\t\t<h2 class=\"elementor-heading-title elementor-size-default\">\u00a1Podemos ayudar!<\/h2>\t\t\t\t<\/div>\n\t\t\t\t<\/div>\n\t\t\t\t<div class=\"elementor-element elementor-element-205558e1 elementor-widget elementor-widget-button\" data-id=\"205558e1\" data-element_type=\"widget\" data-e-type=\"widget\" data-widget_type=\"button.default\">\n\t\t\t\t<div class=\"elementor-widget-container\">\n\t\t\t\t\t\t\t\t\t<div class=\"elementor-button-wrapper\">\n\t\t\t\t\t<a class=\"elementor-button elementor-button-link elementor-size-sm\" href=\"https:\/\/6vb.370.myftpupload.com\/contact\/\">\n\t\t\t\t\t\t<span class=\"elementor-button-content-wrapper\">\n\t\t\t\t\t\t<span class=\"elementor-button-icon\">\n\t\t\t\t<i aria-hidden=\"true\" class=\"fas fa-arrow-right\"><\/i>\t\t\t<\/span>\n\t\t\t\t\t\t\t\t\t<span class=\"elementor-button-text\">Escr\u00edbenos<\/span>\n\t\t\t\t\t<\/span>\n\t\t\t\t\t<\/a>\n\t\t\t\t<\/div>\n\t\t\t\t\t\t\t\t<\/div>\n\t\t\t\t<\/div>\n\t\t\t\t\t<\/div>\n\t\t<\/div>\n\t\t\t\t\t<\/div>\n\t\t<\/section>\n\t\t\t\t<\/div>","protected":false},"excerpt":{"rendered":"<p>Intelligent Wiping SolutionsWiping solutions Today&acute;s wiper market demands intelligent wiping solutions. Exactly the kind of advanced solutions customers recognize in each of our brands. Download Hygiene Broshure Food Service Towels A quality line of cleanup and prep towels. Our colored towels and matching boxes are designed to avoid cross contamination. Superior strength and absorbency make [&hellip;]<\/p>","protected":false},"author":1,"featured_media":0,"parent":1320,"menu_order":5,"comment_status":"closed","ping_status":"closed","template":"","meta":{"site-sidebar-layout":"no-sidebar","site-content-layout":"page-builder","ast-site-content-layout":"default","site-content-style":"default","site-sidebar-style":"default","ast-global-header-display":"","ast-banner-title-visibility":"","ast-main-header-display":"","ast-hfb-above-header-display":"","ast-hfb-below-header-display":"","ast-hfb-mobile-header-display":"","site-post-title":"disabled","ast-breadcrumbs-content":"","ast-featured-img":"disabled","footer-sml-layout":"","ast-disable-related-posts":"","theme-transparent-header-meta":"","adv-header-id-meta":"","stick-header-meta":"","header-above-stick-meta":"","header-main-stick-meta":"","header-below-stick-meta":"","astra-migrate-meta-layouts":"default","ast-page-background-enabled":"default","ast-page-background-meta":{"desktop":{"background-color":"var(--ast-global-color-4)","background-image":"","background-repeat":"repeat","background-position":"center center","background-size":"auto","background-attachment":"scroll","background-type":"","background-media":"","overlay-type":"","overlay-color":"","overlay-opacity":"","overlay-gradient":""},"tablet":{"background-color":"","background-image":"","background-repeat":"repeat","background-position":"center center","background-size":"auto","background-attachment":"scroll","background-type":"","background-media":"","overlay-type":"","overlay-color":"","overlay-opacity":"","overlay-gradient":""},"mobile":{"background-color":"","background-image":"","background-repeat":"repeat","background-position":"center center","background-size":"auto","background-attachment":"scroll","background-type":"","background-media":"","overlay-type":"","overlay-color":"","overlay-opacity":"","overlay-gradient":""}},"ast-content-background-meta":{"desktop":{"background-color":"var(--ast-global-color-5)","background-image":"","background-repeat":"repeat","background-position":"center center","background-size":"auto","background-attachment":"scroll","background-type":"","background-media":"","overlay-type":"","overlay-color":"","overlay-opacity":"","overlay-gradient":""},"tablet":{"background-color":"var(--ast-global-color-5)","background-image":"","background-repeat":"repeat","background-position":"center center","background-size":"auto","background-attachment":"scroll","background-type":"","background-media":"","overlay-type":"","overlay-color":"","overlay-opacity":"","overlay-gradient":""},"mobile":{"background-color":"var(--ast-global-color-5)","background-image":"","background-repeat":"repeat","background-position":"center center","background-size":"auto","background-attachment":"scroll","background-type":"","background-media":"","overlay-type":"","overlay-color":"","overlay-opacity":"","overlay-gradient":""}},"footnotes":""},"class_list":["post-3098","page","type-page","status-publish","hentry"],"_links":{"self":[{"href":"https:\/\/mobiprocure.com\/es\/wp-json\/wp\/v2\/pages\/3098","targetHints":{"allow":["GET"]}}],"collection":[{"href":"https:\/\/mobiprocure.com\/es\/wp-json\/wp\/v2\/pages"}],"about":[{"href":"https:\/\/mobiprocure.com\/es\/wp-json\/wp\/v2\/types\/page"}],"author":[{"embeddable":true,"href":"https:\/\/mobiprocure.com\/es\/wp-json\/wp\/v2\/users\/1"}],"replies":[{"embeddable":true,"href":"https:\/\/mobiprocure.com\/es\/wp-json\/wp\/v2\/comments?post=3098"}],"version-history":[{"count":41,"href":"https:\/\/mobiprocure.com\/es\/wp-json\/wp\/v2\/pages\/3098\/revisions"}],"predecessor-version":[{"id":3334,"href":"https:\/\/mobiprocure.com\/es\/wp-json\/wp\/v2\/pages\/3098\/revisions\/3334"}],"up":[{"embeddable":true,"href":"https:\/\/mobiprocure.com\/es\/wp-json\/wp\/v2\/pages\/1320"}],"wp:attachment":[{"href":"https:\/\/mobiprocure.com\/es\/wp-json\/wp\/v2\/media?parent=3098"}],"curies":[{"name":"wp","href":"https:\/\/api.w.org\/{rel}","templated":true}]}}