{"id":1403,"date":"2022-03-29T12:00:07","date_gmt":"2022-03-29T17:00:07","guid":{"rendered":"https:\/\/mobiprocure.com\/?page_id=1403"},"modified":"2023-07-15T13:00:38","modified_gmt":"2023-07-15T18:00:38","slug":"manufacturing","status":"publish","type":"page","link":"https:\/\/mobiprocure.com\/es\/categories\/manufacturing\/","title":{"rendered":"<p>Manufacturing<\/p>"},"content":{"rendered":"<div data-elementor-type=\"wp-page\" data-elementor-id=\"1403\" class=\"elementor elementor-1403\">\n\t\t\t\t\t\t<section class=\"elementor-section elementor-top-section elementor-element elementor-element-say5sxo elementor-section-content-top elementor-section-boxed elementor-section-height-default elementor-section-height-default\" data-id=\"say5sxo\" data-element_type=\"section\" data-e-type=\"section\" data-settings='{\"background_background\":\"classic\"}'>\n\t\t\t\t\t\t\t<div class=\"elementor-background-overlay\"><\/div>\n\t\t\t\t\t\t\t<div class=\"elementor-container elementor-column-gap-no\">\n\t\t\t\t\t<div class=\"elementor-column elementor-col-50 elementor-top-column elementor-element elementor-element-8373266\" data-id=\"8373266\" data-element_type=\"column\" data-e-type=\"column\">\n\t\t\t<div class=\"elementor-widget-wrap elementor-element-populated\">\n\t\t\t\t\t\t<div class=\"elementor-element elementor-element-149c512 elementor-widget elementor-widget-heading\" data-id=\"149c512\" data-element_type=\"widget\" data-e-type=\"widget\" data-widget_type=\"heading.default\">\n\t\t\t\t<div class=\"elementor-widget-container\">\n\t\t\t\t\t<h1 class=\"elementor-heading-title elementor-size-xl\">Industria Manufacturera<\/h1>\t\t\t\t<\/div>\n\t\t\t\t<\/div>\n\t\t\t\t<div class=\"elementor-element elementor-element-0937eaf elementor-widget elementor-widget-text-editor\" data-id=\"0937eaf\" data-element_type=\"widget\" data-e-type=\"widget\" data-widget_type=\"text-editor.default\">\n\t\t\t\t<div class=\"elementor-widget-container\">\n\t\t\t\t\t\t\t\t\t<p>Materias primas, maquinaria, componentes y empaques para la fabricaci\u00f3n industrial.<\/p>\t\t\t\t\t\t\t\t<\/div>\n\t\t\t\t<\/div>\n\t\t\t\t<div class=\"elementor-element elementor-element-5fba376 elementor-widget elementor-widget-button\" data-id=\"5fba376\" data-element_type=\"widget\" data-e-type=\"widget\" data-widget_type=\"button.default\">\n\t\t\t\t<div class=\"elementor-widget-container\">\n\t\t\t\t\t\t\t\t\t<div class=\"elementor-button-wrapper\">\n\t\t\t\t\t<a class=\"elementor-button elementor-button-link elementor-size-sm\" href=\"#\">\n\t\t\t\t\t\t<span class=\"elementor-button-content-wrapper\">\n\t\t\t\t\t\t<span class=\"elementor-button-icon\">\n\t\t\t\t<i aria-hidden=\"true\" class=\"fas fa-arrow-right\"><\/i>\t\t\t<\/span>\n\t\t\t\t\t\t\t\t\t<span class=\"elementor-button-text\">Conoce m\u00e1s<\/span>\n\t\t\t\t\t<\/span>\n\t\t\t\t\t<\/a>\n\t\t\t\t<\/div>\n\t\t\t\t\t\t\t\t<\/div>\n\t\t\t\t<\/div>\n\t\t\t\t\t<\/div>\n\t\t<\/div>\n\t\t\t\t<div class=\"elementor-column elementor-col-50 elementor-top-column elementor-element elementor-element-112c62a\" data-id=\"112c62a\" data-element_type=\"column\" data-e-type=\"column\">\n\t\t\t<div class=\"elementor-widget-wrap\">\n\t\t\t\t\t\t\t<\/div>\n\t\t<\/div>\n\t\t\t\t\t<\/div>\n\t\t<\/section>\n\t\t\t\t<section class=\"elementor-section elementor-top-section elementor-element elementor-element-pquoril elementor-section-boxed elementor-section-height-default elementor-section-height-default\" data-id=\"pquoril\" data-element_type=\"section\" data-e-type=\"section\">\n\t\t\t\t\t\t\t<div class=\"elementor-background-overlay\"><\/div>\n\t\t\t\t\t\t\t<div class=\"elementor-container elementor-column-gap-no\">\n\t\t\t\t\t<div class=\"elementor-column elementor-col-100 elementor-top-column elementor-element elementor-element-91b0d31\" data-id=\"91b0d31\" data-element_type=\"column\" data-e-type=\"column\">\n\t\t\t<div class=\"elementor-widget-wrap elementor-element-populated\">\n\t\t\t\t\t\t<section class=\"elementor-section elementor-inner-section elementor-element elementor-element-40a6530 elementor-section-boxed elementor-section-height-default elementor-section-height-default\" data-id=\"40a6530\" data-element_type=\"section\" data-e-type=\"section\">\n\t\t\t\t\t\t<div class=\"elementor-container elementor-column-gap-no\">\n\t\t\t\t\t<div class=\"elementor-column elementor-col-50 elementor-inner-column elementor-element elementor-element-58efe17\" data-id=\"58efe17\" data-element_type=\"column\" data-e-type=\"column\">\n\t\t\t<div class=\"elementor-widget-wrap elementor-element-populated\">\n\t\t\t\t\t\t<div class=\"elementor-element elementor-element-1f1ba2f elementor-widget elementor-widget-heading\" data-id=\"1f1ba2f\" data-element_type=\"widget\" data-e-type=\"widget\" data-widget_type=\"heading.default\">\n\t\t\t\t<div class=\"elementor-widget-container\">\n\t\t\t\t\t<div class=\"elementor-heading-title elementor-size-default\">looking for options<\/div>\t\t\t\t<\/div>\n\t\t\t\t<\/div>\n\t\t\t\t<div class=\"elementor-element elementor-element-6877b94 elementor-widget elementor-widget-heading\" data-id=\"6877b94\" data-element_type=\"widget\" data-e-type=\"widget\" data-widget_type=\"heading.default\">\n\t\t\t\t<div class=\"elementor-widget-container\">\n\t\t\t\t\t<h2 class=\"elementor-heading-title elementor-size-default\">Perm\u00edtenos encontrarlas para ti<\/h2>\t\t\t\t<\/div>\n\t\t\t\t<\/div>\n\t\t\t\t\t<\/div>\n\t\t<\/div>\n\t\t\t\t<div class=\"elementor-column elementor-col-50 elementor-inner-column elementor-element elementor-element-a52967e\" data-id=\"a52967e\" data-element_type=\"column\" data-e-type=\"column\">\n\t\t\t<div class=\"elementor-widget-wrap\">\n\t\t\t\t\t\t\t<\/div>\n\t\t<\/div>\n\t\t\t\t\t<\/div>\n\t\t<\/section>\n\t\t\t\t<section class=\"elementor-section elementor-inner-section elementor-element elementor-element-4e8527e elementor-section-boxed elementor-section-height-default elementor-section-height-default\" data-id=\"4e8527e\" data-element_type=\"section\" data-e-type=\"section\">\n\t\t\t\t\t\t<div class=\"elementor-container elementor-column-gap-no\">\n\t\t\t\t\t<div class=\"elementor-column elementor-col-33 elementor-inner-column elementor-element elementor-element-d8cbf76\" data-id=\"d8cbf76\" data-element_type=\"column\" data-e-type=\"column\">\n\t\t\t<div class=\"elementor-widget-wrap elementor-element-populated\">\n\t\t\t\t\t\t<div class=\"elementor-element elementor-element-8a7dab3 elementor-position-top elementor-widget elementor-widget-image-box\" data-id=\"8a7dab3\" data-element_type=\"widget\" data-e-type=\"widget\" data-widget_type=\"image-box.default\">\n\t\t\t\t<div class=\"elementor-widget-container\">\n\t\t\t\t\t<div class=\"elementor-image-box-wrapper\"><figure class=\"elementor-image-box-img\"><img fetchpriority=\"high\" decoding=\"async\" width=\"1124\" height=\"750\" src=\"https:\/\/mobiprocure.com\/wp-content\/uploads\/2022\/05\/pexels-photo-6128986.jpeg\" class=\"attachment-full size-full wp-image-1963\" alt=\"Materials for Manufacturing\" srcset=\"https:\/\/mobiprocure.com\/wp-content\/uploads\/2022\/05\/pexels-photo-6128986.jpeg 1124w, https:\/\/mobiprocure.com\/wp-content\/uploads\/2022\/05\/pexels-photo-6128986-300x200.jpeg 300w, https:\/\/mobiprocure.com\/wp-content\/uploads\/2022\/05\/pexels-photo-6128986-1024x683.jpeg 1024w, https:\/\/mobiprocure.com\/wp-content\/uploads\/2022\/05\/pexels-photo-6128986-768x512.jpeg 768w, https:\/\/mobiprocure.com\/wp-content\/uploads\/2022\/05\/pexels-photo-6128986-18x12.jpeg 18w\" sizes=\"(max-width: 1124px) 100vw, 1124px\"><\/figure><div class=\"elementor-image-box-content\"><h3 class=\"elementor-image-box-title\">Materiales de fabricaci\u00f3n<\/h3><p class=\"elementor-image-box-description\">Los tipos de materiales utilizados en la fabricaci\u00f3n son pr\u00e1cticamente infinitos. Si bien el creador puede tener un dise\u00f1o\ninicial en mente cuando piensa en sus productos, a veces, la elecci\u00f3n del material no es tan evidente como deber\u00eda ser.\nEl material incorrecto puede resultar en un proyecto que no sea rentable o generar retrasos en la producci\u00f3n que reduzcan las ventas. La elecci\u00f3n del material va a ser un factor crucial en cualquier proyecto, por lo que es esencial tomar una decisi\u00f3n informada.<\/p><\/div><\/div>\t\t\t\t<\/div>\n\t\t\t\t<\/div>\n\t\t\t\t\t<\/div>\n\t\t<\/div>\n\t\t\t\t<div class=\"elementor-column elementor-col-33 elementor-inner-column elementor-element elementor-element-9094fb7\" data-id=\"9094fb7\" data-element_type=\"column\" data-e-type=\"column\">\n\t\t\t<div class=\"elementor-widget-wrap elementor-element-populated\">\n\t\t\t\t\t\t<div class=\"elementor-element elementor-element-8821c62 elementor-position-top elementor-widget elementor-widget-image-box\" data-id=\"8821c62\" data-element_type=\"widget\" data-e-type=\"widget\" data-widget_type=\"image-box.default\">\n\t\t\t\t<div class=\"elementor-widget-container\">\n\t\t\t\t\t<div class=\"elementor-image-box-wrapper\"><figure class=\"elementor-image-box-img\"><img decoding=\"async\" width=\"1125\" height=\"750\" src=\"https:\/\/mobiprocure.com\/wp-content\/uploads\/2022\/05\/pexels-photo-6128986.webp\" class=\"attachment-full size-full wp-image-1972\" alt=\"Chemicals\" srcset=\"https:\/\/mobiprocure.com\/wp-content\/uploads\/2022\/05\/pexels-photo-6128986.webp 1125w, https:\/\/mobiprocure.com\/wp-content\/uploads\/2022\/05\/pexels-photo-6128986-300x200.webp 300w, https:\/\/mobiprocure.com\/wp-content\/uploads\/2022\/05\/pexels-photo-6128986-1024x683.webp 1024w, https:\/\/mobiprocure.com\/wp-content\/uploads\/2022\/05\/pexels-photo-6128986-768x512.webp 768w, https:\/\/mobiprocure.com\/wp-content\/uploads\/2022\/05\/pexels-photo-6128986-18x12.webp 18w\" sizes=\"(max-width: 1125px) 100vw, 1125px\"><\/figure><div class=\"elementor-image-box-content\"><h3 class=\"elementor-image-box-title\">Qu\u00edmicos<\/h3><p class=\"elementor-image-box-description\">Los productos qu\u00edmicos se utilizan en muchos productos y juegan un papel importante en la vida cotidiana de las personas en todo el mundo. Dichos productos brindan protecci\u00f3n para los cultivos y aumentan los rendimientos,\nprevienen y curan enfermedades y brindani nnumerables otros beneficios que mejoran la vida de las personas.<\/p><\/div><\/div>\t\t\t\t<\/div>\n\t\t\t\t<\/div>\n\t\t\t\t\t<\/div>\n\t\t<\/div>\n\t\t\t\t<div class=\"elementor-column elementor-col-33 elementor-inner-column elementor-element elementor-element-717a950\" data-id=\"717a950\" data-element_type=\"column\" data-e-type=\"column\">\n\t\t\t<div class=\"elementor-widget-wrap elementor-element-populated\">\n\t\t\t\t\t\t<div class=\"elementor-element elementor-element-bd96f29 elementor-position-top elementor-widget elementor-widget-image-box\" data-id=\"bd96f29\" data-element_type=\"widget\" data-e-type=\"widget\" data-widget_type=\"image-box.default\">\n\t\t\t\t<div class=\"elementor-widget-container\">\n\t\t\t\t\t<div class=\"elementor-image-box-wrapper\"><figure class=\"elementor-image-box-img\"><img decoding=\"async\" width=\"1125\" height=\"750\" src=\"https:\/\/mobiprocure.com\/wp-content\/uploads\/2022\/05\/pexels-photo-9565787.jpeg\" class=\"attachment-full size-full wp-image-1967\" alt=\"Finished Goods\" srcset=\"https:\/\/mobiprocure.com\/wp-content\/uploads\/2022\/05\/pexels-photo-9565787.jpeg 1125w, https:\/\/mobiprocure.com\/wp-content\/uploads\/2022\/05\/pexels-photo-9565787-300x200.jpeg 300w, https:\/\/mobiprocure.com\/wp-content\/uploads\/2022\/05\/pexels-photo-9565787-1024x683.jpeg 1024w, https:\/\/mobiprocure.com\/wp-content\/uploads\/2022\/05\/pexels-photo-9565787-768x512.jpeg 768w, https:\/\/mobiprocure.com\/wp-content\/uploads\/2022\/05\/pexels-photo-9565787-18x12.jpeg 18w\" sizes=\"(max-width: 1125px) 100vw, 1125px\"><\/figure><div class=\"elementor-image-box-content\"><h3 class=\"elementor-image-box-title\">Productos terminados<\/h3><p class=\"elementor-image-box-description\">Muebles, empaques, art\u00edculos para el hogar y muchos m\u00e1s productos...lo que necesite tu empresa.<\/p><\/div><\/div>\t\t\t\t<\/div>\n\t\t\t\t<\/div>\n\t\t\t\t\t<\/div>\n\t\t<\/div>\n\t\t\t\t\t<\/div>\n\t\t<\/section>\n\t\t\t\t\t<\/div>\n\t\t<\/div>\n\t\t\t\t\t<\/div>\n\t\t<\/section>\n\t\t\t\t<section class=\"elementor-section elementor-top-section elementor-element elementor-element-327e5312 elementor-section-content-middle elementor-section-boxed elementor-section-height-default elementor-section-height-default\" data-id=\"327e5312\" data-element_type=\"section\" data-e-type=\"section\" data-settings='{\"background_background\":\"classic\"}'>\n\t\t\t\t\t\t\t<div class=\"elementor-background-overlay\"><\/div>\n\t\t\t\t\t\t\t<div class=\"elementor-container elementor-column-gap-no\">\n\t\t\t\t\t<div class=\"elementor-column elementor-col-50 elementor-top-column elementor-element elementor-element-758fa9ef\" data-id=\"758fa9ef\" data-element_type=\"column\" data-e-type=\"column\">\n\t\t\t<div class=\"elementor-widget-wrap elementor-element-populated\">\n\t\t\t\t\t\t<div class=\"elementor-element elementor-element-4df7afbf elementor-widget elementor-widget-image\" data-id=\"4df7afbf\" data-element_type=\"widget\" data-e-type=\"widget\" data-widget_type=\"image.default\">\n\t\t\t\t<div class=\"elementor-widget-container\">\n\t\t\t\t\t\t\t\t\t\t\t\t\t\t\t<img decoding=\"async\" src=\"https:\/\/mobiprocure.com\/wp-content\/uploads\/elementor\/thumbs\/pexels-photo-7222223-pq2t1t62zfmwcshqmts604e9gqkinvb82c4ij7ltag.jpeg\" title=\"We can help \/ Industrial Manufacturing\" alt=\"We can help \/ Industrial Manufacturing\" loading=\"lazy\">\t\t\t\t\t\t\t\t\t\t\t\t\t\t\t<\/div>\n\t\t\t\t<\/div>\n\t\t\t\t\t<\/div>\n\t\t<\/div>\n\t\t\t\t<div class=\"elementor-column elementor-col-50 elementor-top-column elementor-element elementor-element-8b3fb77\" data-id=\"8b3fb77\" data-element_type=\"column\" data-e-type=\"column\" data-settings='{\"background_background\":\"slideshow\",\"background_slideshow_gallery\":[],\"background_slideshow_slide_duration\":5000,\"background_slideshow_slide_transition\":\"fade\",\"background_slideshow_transition_duration\":500}'>\n\t\t\t<div class=\"elementor-widget-wrap elementor-element-populated\">\n\t\t\t\t\t<div class=\"elementor-background-overlay\"><\/div>\n\t\t\t\t\t\t<div class=\"elementor-element elementor-element-5c466607 elementor-widget elementor-widget-heading\" data-id=\"5c466607\" data-element_type=\"widget\" data-e-type=\"widget\" data-widget_type=\"heading.default\">\n\t\t\t\t<div class=\"elementor-widget-container\">\n\t\t\t\t\t<h2 class=\"elementor-heading-title elementor-size-default\">Estamos aqu\u00ed para ayudarte! <\/h2>\t\t\t\t<\/div>\n\t\t\t\t<\/div>\n\t\t\t\t<div class=\"elementor-element elementor-element-4a0ae7a5 elementor-widget elementor-widget-button\" data-id=\"4a0ae7a5\" data-element_type=\"widget\" data-e-type=\"widget\" data-widget_type=\"button.default\">\n\t\t\t\t<div class=\"elementor-widget-container\">\n\t\t\t\t\t\t\t\t\t<div class=\"elementor-button-wrapper\">\n\t\t\t\t\t<a class=\"elementor-button elementor-button-link elementor-size-sm\" href=\"https:\/\/6vb.370.myftpupload.com\/contact-us\/\">\n\t\t\t\t\t\t<span class=\"elementor-button-content-wrapper\">\n\t\t\t\t\t\t<span class=\"elementor-button-icon\">\n\t\t\t\t<i aria-hidden=\"true\" class=\"fas fa-arrow-right\"><\/i>\t\t\t<\/span>\n\t\t\t\t\t\t\t\t\t<span class=\"elementor-button-text\">Escr\u00edbenos<\/span>\n\t\t\t\t\t<\/span>\n\t\t\t\t\t<\/a>\n\t\t\t\t<\/div>\n\t\t\t\t\t\t\t\t<\/div>\n\t\t\t\t<\/div>\n\t\t\t\t\t<\/div>\n\t\t<\/div>\n\t\t\t\t\t<\/div>\n\t\t<\/section>\n\t\t\t\t<\/div>","protected":false},"excerpt":{"rendered":"<p>Industrial Manufacturing Raw materials, machinery, componts and packaging for industrial manufacturing. Know more looking for options Let us find them for you Manufacturing Materials The types of materials used in manufacturing are virtually endless. While the creator may have an initial design in mind when they think of their products, sometimes, the material choice isn?t [&hellip;]<\/p>","protected":false},"author":1,"featured_media":0,"parent":1320,"menu_order":2,"comment_status":"closed","ping_status":"closed","template":"","meta":{"site-sidebar-layout":"no-sidebar","site-content-layout":"page-builder","ast-site-content-layout":"default","site-content-style":"default","site-sidebar-style":"default","ast-global-header-display":"","ast-banner-title-visibility":"","ast-main-header-display":"","ast-hfb-above-header-display":"","ast-hfb-below-header-display":"","ast-hfb-mobile-header-display":"","site-post-title":"disabled","ast-breadcrumbs-content":"","ast-featured-img":"disabled","footer-sml-layout":"","ast-disable-related-posts":"","theme-transparent-header-meta":"","adv-header-id-meta":"","stick-header-meta":"","header-above-stick-meta":"","header-main-stick-meta":"","header-below-stick-meta":"","astra-migrate-meta-layouts":"default","ast-page-background-enabled":"default","ast-page-background-meta":{"desktop":{"background-color":"var(--ast-global-color-4)","background-image":"","background-repeat":"repeat","background-position":"center center","background-size":"auto","background-attachment":"scroll","background-type":"","background-media":"","overlay-type":"","overlay-color":"","overlay-opacity":"","overlay-gradient":""},"tablet":{"background-color":"","background-image":"","background-repeat":"repeat","background-position":"center center","background-size":"auto","background-attachment":"scroll","background-type":"","background-media":"","overlay-type":"","overlay-color":"","overlay-opacity":"","overlay-gradient":""},"mobile":{"background-color":"","background-image":"","background-repeat":"repeat","background-position":"center center","background-size":"auto","background-attachment":"scroll","background-type":"","background-media":"","overlay-type":"","overlay-color":"","overlay-opacity":"","overlay-gradient":""}},"ast-content-background-meta":{"desktop":{"background-color":"var(--ast-global-color-5)","background-image":"","background-repeat":"repeat","background-position":"center center","background-size":"auto","background-attachment":"scroll","background-type":"","background-media":"","overlay-type":"","overlay-color":"","overlay-opacity":"","overlay-gradient":""},"tablet":{"background-color":"var(--ast-global-color-5)","background-image":"","background-repeat":"repeat","background-position":"center center","background-size":"auto","background-attachment":"scroll","background-type":"","background-media":"","overlay-type":"","overlay-color":"","overlay-opacity":"","overlay-gradient":""},"mobile":{"background-color":"var(--ast-global-color-5)","background-image":"","background-repeat":"repeat","background-position":"center center","background-size":"auto","background-attachment":"scroll","background-type":"","background-media":"","overlay-type":"","overlay-color":"","overlay-opacity":"","overlay-gradient":""}},"footnotes":""},"class_list":["post-1403","page","type-page","status-publish","hentry"],"_links":{"self":[{"href":"https:\/\/mobiprocure.com\/es\/wp-json\/wp\/v2\/pages\/1403","targetHints":{"allow":["GET"]}}],"collection":[{"href":"https:\/\/mobiprocure.com\/es\/wp-json\/wp\/v2\/pages"}],"about":[{"href":"https:\/\/mobiprocure.com\/es\/wp-json\/wp\/v2\/types\/page"}],"author":[{"embeddable":true,"href":"https:\/\/mobiprocure.com\/es\/wp-json\/wp\/v2\/users\/1"}],"replies":[{"embeddable":true,"href":"https:\/\/mobiprocure.com\/es\/wp-json\/wp\/v2\/comments?post=1403"}],"version-history":[{"count":87,"href":"https:\/\/mobiprocure.com\/es\/wp-json\/wp\/v2\/pages\/1403\/revisions"}],"predecessor-version":[{"id":3260,"href":"https:\/\/mobiprocure.com\/es\/wp-json\/wp\/v2\/pages\/1403\/revisions\/3260"}],"up":[{"embeddable":true,"href":"https:\/\/mobiprocure.com\/es\/wp-json\/wp\/v2\/pages\/1320"}],"wp:attachment":[{"href":"https:\/\/mobiprocure.com\/es\/wp-json\/wp\/v2\/media?parent=1403"}],"curies":[{"name":"wp","href":"https:\/\/api.w.org\/{rel}","templated":true}]}}